{"id":1846,"date":"2018-12-29T17:31:57","date_gmt":"2018-12-29T17:31:57","guid":{"rendered":"http:\/\/mashfiqnahid.com\/demo\/dona\/?page_id=1846"},"modified":"2018-12-29T17:31:57","modified_gmt":"2018-12-29T17:31:57","slug":"testimonial","status":"publish","type":"page","link":"https:\/\/www.marga.rs\/sr\/testimonial\/","title":{"rendered":"Testimonial"},"content":{"rendered":"<div id=\"testimonial\" data-vc-full-width=\"true\" data-vc-full-width-init=\"false\" data-vc-stretch-content=\"true\" data-vc-parallax=\"1.5\" class=\"vc_row wpb_row vc_row-fluid vc_testimonial vc_row-has-fill vc_row-no-padding vc_general vc_parallax vc_parallax-content-moving\"><div class=\"wpb_column vc_column_container vc_col-sm-12\"><div class=\"vc_column-inner\"><div class=\"wpb_wrapper\">\r\n\r\n        <div class=\"testimonial-area\">    \r\n            <div class=\"container\">\r\n                <div class=\"row\">\r\n                    <div class=\"col-sm-12\">\r\n                        <div class=\"section-title white-title wow fadeInUp\" data-wow-delay=\".2s\">\r\n                            <h2>our clients<\/h2>\r\n                        <\/div>\r\n                    <\/div>\r\n                <\/div>\r\n\r\n\r\n\r\n                <div class=\"row\">\r\n                    <div class=\"testimonial-list wow fadeInUp\">\r\n                                                                                <!-- START SINGLE TESTIMONIAL DESIGN AREA -->\r\n                                <div class=\"single-testimonial text-center\">\r\n                                    <img decoding=\"async\" src=\"https:\/\/www.marga.rs\/wp-content\/uploads\/2017\/01\/Robne_kuce_Beograd.png\" class=\"img-circle\" alt=\"\">\r\n                                    <h6 class=\"text-muted\"><\/h6>\r\n                                    <p>Izuzetno smo zadovoljni uslugama koje kompanija Marga 011 pru\u017ea. Saradnju sa njima karakteri\u0161e ta\u010dnost, preciznost i odli\u010dan odnos usluge i cene.<\/p>\n                                    <h6>Robne ku\u0107e Beograd<\/h6>\r\n\r\n                                <\/div>\r\n\r\n                                <!-- \/ END SINGLE TESTIMONIAL DESIGN AREA -->\r\n                                                            <!-- START SINGLE TESTIMONIAL DESIGN AREA -->\r\n                                <div class=\"single-testimonial text-center\">\r\n                                    <img decoding=\"async\" src=\"https:\/\/www.marga.rs\/wp-content\/uploads\/2017\/01\/logo.png\" class=\"img-circle\" alt=\"\">\r\n                                    <h6 class=\"text-muted\"><\/h6>\r\n                                    <p>Sve pohvale za tim Marga 011. Imali smo zahteve na koje mnogi nisu uspeli da nam odgovore. Ovde smo na\u0161li re\u0161enja za sve na\u0161e probleme.<\/p>\n                                    <h6>Stefial d.o.o.<\/h6>\r\n\r\n                                <\/div>\r\n\r\n                                <!-- \/ END SINGLE TESTIMONIAL DESIGN AREA -->\r\n                                                    \r\n                    <\/div>\r\n                <\/div>\r\n            <\/div>\r\n        <\/div>\r\n        <\/div><\/div><\/div><\/div><div class=\"vc_row-full-width vc_clearfix\"><\/div>","protected":false},"excerpt":{"rendered":"Sve pohvale za tim Marga 011. Imali smo zahteve na koje mnogi nisu uspeli da nam odgovore. Ovde smo na\u0161li re\u0161enja za sve na\u0161e probleme.","protected":false},"author":1,"featured_media":0,"parent":0,"menu_order":12,"comment_status":"closed","ping_status":"closed","template":"","meta":{"footnotes":""},"class_list":["post-1846","page","type-page","status-publish","hentry"],"_links":{"self":[{"href":"https:\/\/www.marga.rs\/sr\/wp-json\/wp\/v2\/pages\/1846","targetHints":{"allow":["GET"]}}],"collection":[{"href":"https:\/\/www.marga.rs\/sr\/wp-json\/wp\/v2\/pages"}],"about":[{"href":"https:\/\/www.marga.rs\/sr\/wp-json\/wp\/v2\/types\/page"}],"author":[{"embeddable":true,"href":"https:\/\/www.marga.rs\/sr\/wp-json\/wp\/v2\/users\/1"}],"replies":[{"embeddable":true,"href":"https:\/\/www.marga.rs\/sr\/wp-json\/wp\/v2\/comments?post=1846"}],"version-history":[{"count":0,"href":"https:\/\/www.marga.rs\/sr\/wp-json\/wp\/v2\/pages\/1846\/revisions"}],"wp:attachment":[{"href":"https:\/\/www.marga.rs\/sr\/wp-json\/wp\/v2\/media?parent=1846"}],"curies":[{"name":"wp","href":"https:\/\/api.w.org\/{rel}","templated":true}]}}